{"id":397,"date":"2025-11-08T15:15:28","date_gmt":"2025-11-08T15:15:28","guid":{"rendered":"https:\/\/masiacalmiquel.com\/?page_id=397"},"modified":"2025-12-28T20:43:53","modified_gmt":"2025-12-28T20:43:53","slug":"asociacion","status":"publish","type":"page","link":"https:\/\/masiacalmiquel.com\/en\/asociacion\/","title":{"rendered":"Association"},"content":{"rendered":"<div data-elementor-type=\"wp-page\" data-elementor-id=\"397\" class=\"elementor elementor-397\" data-elementor-post-type=\"page\">\n\t\t\t\t<div class=\"elementor-element elementor-element-60a3a33 e-flex e-con-boxed e-con e-parent\" data-id=\"60a3a33\" data-element_type=\"container\">\n\t\t\t\t\t<div class=\"e-con-inner\">\n\t\t\t\t<div class=\"elementor-element elementor-element-44fe1bb elementor-widget elementor-widget-heading\" data-id=\"44fe1bb\" data-element_type=\"widget\" data-widget_type=\"heading.default\">\n\t\t\t\t\t<h2 class=\"elementor-heading-title elementor-size-default\">La Asociaci\u00f3n Masia Cal Miquel Permacultura<\/h2>\t\t\t\t<\/div>\n\t\t\t\t\t<\/div>\n\t\t\t\t<\/div>\n\t\t<div class=\"elementor-element elementor-element-77e5a48 e-flex e-con-boxed e-con e-parent\" data-id=\"77e5a48\" data-element_type=\"container\">\n\t\t\t\t\t<div class=\"e-con-inner\">\n\t\t<div class=\"elementor-element elementor-element-eed633c e-con-full e-flex e-con e-child\" data-id=\"eed633c\" data-element_type=\"container\">\n\t\t\t\t<div class=\"elementor-element elementor-element-5b7fc61 elementor-widget elementor-widget-text-editor\" data-id=\"5b7fc61\" data-element_type=\"widget\" data-widget_type=\"text-editor.default\">\n\t\t\t\t\t\t\t\t\t<p data-start=\"289\" data-end=\"461\">La Asociaci\u00f3n <strong data-start=\"303\" data-end=\"336\">Masia Cal Miquel Permacultura<\/strong> nace para cuidar la tierra, a las personas y a los procesos que hacen posible una vida m\u00e1s consciente, sencilla y enraizada.<\/p><p data-start=\"463\" data-end=\"667\">Este lugar no es solo una mas\u00eda ni un alojamiento rural. Es un proyecto vivo que se construye d\u00eda a d\u00eda a trav\u00e9s del aprendizaje compartido, la convivencia y el respeto por los ritmos naturales y humanos.<\/p><p data-start=\"669\" data-end=\"813\">Aqu\u00ed entendemos la vida como un equilibrio entre lo que recibimos y lo que ofrecemos, entre el cuidado del entorno y el cuidado de las personas.<\/p>\t\t\t\t\t\t\t\t<\/div>\n\t\t\t\t<\/div>\n\t\t<div class=\"elementor-element elementor-element-3346f2c e-con-full e-flex e-con e-child\" data-id=\"3346f2c\" data-element_type=\"container\">\n\t\t\t\t<div class=\"elementor-element elementor-element-2e59bbb elementor-widget elementor-widget-image\" data-id=\"2e59bbb\" data-element_type=\"widget\" data-widget_type=\"image.default\">\n\t\t\t\t\t\t\t\t\t\t\t\t\t\t\t<img fetchpriority=\"high\" decoding=\"async\" width=\"800\" height=\"534\" src=\"https:\/\/masiacalmiquel.com\/wp-content\/uploads\/2025\/12\/Burros-1024x683.png\" class=\"attachment-large size-large wp-image-1121\" alt=\"\" srcset=\"https:\/\/masiacalmiquel.com\/wp-content\/uploads\/2025\/12\/Burros-1024x683.png 1024w, https:\/\/masiacalmiquel.com\/wp-content\/uploads\/2025\/12\/Burros-300x200.png 300w, https:\/\/masiacalmiquel.com\/wp-content\/uploads\/2025\/12\/Burros-768x512.png 768w, https:\/\/masiacalmiquel.com\/wp-content\/uploads\/2025\/12\/Burros.png 1536w\" sizes=\"(max-width: 800px) 100vw, 800px\" \/>\t\t\t\t\t\t\t\t\t\t\t\t\t\t\t<\/div>\n\t\t\t\t<\/div>\n\t\t\t\t\t<\/div>\n\t\t\t\t<\/div>\n\t\t<div class=\"elementor-element elementor-element-44d5d0b e-flex e-con-boxed e-con e-parent\" data-id=\"44d5d0b\" data-element_type=\"container\">\n\t\t\t\t\t<div class=\"e-con-inner\">\n\t\t\t\t<div class=\"elementor-element elementor-element-a885622 elementor-widget elementor-widget-heading\" data-id=\"a885622\" data-element_type=\"widget\" data-widget_type=\"heading.default\">\n\t\t\t\t\t<h2 class=\"elementor-heading-title elementor-size-default\">Nuestra mirada<\/h2>\t\t\t\t<\/div>\n\t\t\t\t\t<\/div>\n\t\t\t\t<\/div>\n\t\t<div class=\"elementor-element elementor-element-2826d0e e-flex e-con-boxed e-con e-parent\" data-id=\"2826d0e\" data-element_type=\"container\">\n\t\t\t\t\t<div class=\"e-con-inner\">\n\t\t<div class=\"elementor-element elementor-element-84e3fea e-con-full e-flex e-con e-child\" data-id=\"84e3fea\" data-element_type=\"container\">\n\t\t\t\t<div class=\"elementor-element elementor-element-1713150 elementor-widget elementor-widget-image\" data-id=\"1713150\" data-element_type=\"widget\" data-widget_type=\"image.default\">\n\t\t\t\t\t\t\t\t\t\t\t\t\t\t\t<img decoding=\"async\" width=\"800\" height=\"370\" src=\"https:\/\/masiacalmiquel.com\/wp-content\/uploads\/2025\/12\/IMG-20250322-WA0017-1024x473.jpg\" class=\"attachment-large size-large wp-image-965\" alt=\"\" srcset=\"https:\/\/masiacalmiquel.com\/wp-content\/uploads\/2025\/12\/IMG-20250322-WA0017-1024x473.jpg 1024w, https:\/\/masiacalmiquel.com\/wp-content\/uploads\/2025\/12\/IMG-20250322-WA0017-300x139.jpg 300w, https:\/\/masiacalmiquel.com\/wp-content\/uploads\/2025\/12\/IMG-20250322-WA0017-768x355.jpg 768w, https:\/\/masiacalmiquel.com\/wp-content\/uploads\/2025\/12\/IMG-20250322-WA0017-1536x710.jpg 1536w, https:\/\/masiacalmiquel.com\/wp-content\/uploads\/2025\/12\/IMG-20250322-WA0017-2048x946.jpg 2048w\" sizes=\"(max-width: 800px) 100vw, 800px\" \/>\t\t\t\t\t\t\t\t\t\t\t\t\t\t\t<\/div>\n\t\t\t\t<\/div>\n\t\t<div class=\"elementor-element elementor-element-f42aae4 e-con-full e-flex e-con e-child\" data-id=\"f42aae4\" data-element_type=\"container\">\n\t\t\t\t<div class=\"elementor-element elementor-element-14237d3 elementor-widget elementor-widget-text-editor\" data-id=\"14237d3\" data-element_type=\"widget\" data-widget_type=\"text-editor.default\">\n\t\t\t\t\t\t\t\t\t<p data-start=\"839\" data-end=\"977\">La permacultura es la base que inspira todo lo que hacemos. No como una t\u00e9cnica cerrada, sino como una forma de observar, decidir y vivir.<\/p><p data-start=\"979\" data-end=\"1002\">Nos gu\u00eda especialmente:<\/p><ul data-start=\"1003\" data-end=\"1231\"><li data-start=\"1003\" data-end=\"1046\"><p data-start=\"1005\" data-end=\"1046\">\ud83c\udf31 El cuidado de la tierra y del bosque<\/p><\/li><li data-start=\"1047\" data-end=\"1098\"><p data-start=\"1049\" data-end=\"1098\">\ud83e\udd32 El cuidado de las personas y de los v\u00ednculos\u00a0<\/p><\/li><li data-start=\"1099\" data-end=\"1158\"><p data-start=\"1101\" data-end=\"1158\">\ud83d\udd04 La regeneraci\u00f3n, el aprendizaje y la mejora continua hacia una evoluci\u00f3n humana<\/p><\/li><li data-start=\"1159\" data-end=\"1231\"><p data-start=\"1161\" data-end=\"1231\">\ud83c\udfe1 La vida comunitaria, el decrecimiento consciente y la simplicidad<\/p><\/li><\/ul><p data-start=\"1233\" data-end=\"1340\">Aplicamos esta mirada tanto en la gesti\u00f3n del espacio natural como en los procesos humanos que aqu\u00ed se dan.<\/p>\t\t\t\t\t\t\t\t<\/div>\n\t\t\t\t<\/div>\n\t\t\t\t\t<\/div>\n\t\t\t\t<\/div>\n\t\t<div class=\"elementor-element elementor-element-8ed4aae e-flex e-con-boxed e-con e-parent\" data-id=\"8ed4aae\" data-element_type=\"container\">\n\t\t\t\t\t<div class=\"e-con-inner\">\n\t\t\t\t<div class=\"elementor-element elementor-element-063a39a elementor-widget elementor-widget-heading\" data-id=\"063a39a\" data-element_type=\"widget\" data-widget_type=\"heading.default\">\n\t\t\t\t\t<h2 class=\"elementor-heading-title elementor-size-default\">Un proyecto vivo y participativo<\/h2>\t\t\t\t<\/div>\n\t\t\t\t\t<\/div>\n\t\t\t\t<\/div>\n\t\t<div class=\"elementor-element elementor-element-4ff8492 e-flex e-con-boxed e-con e-parent\" data-id=\"4ff8492\" data-element_type=\"container\">\n\t\t\t\t\t<div class=\"e-con-inner\">\n\t\t<div class=\"elementor-element elementor-element-ebddce9 e-con-full e-flex e-con e-child\" data-id=\"ebddce9\" data-element_type=\"container\">\n\t\t\t\t<div class=\"elementor-element elementor-element-cd1f8b1 elementor-widget elementor-widget-text-editor\" data-id=\"cd1f8b1\" data-element_type=\"widget\" data-widget_type=\"text-editor.default\">\n\t\t\t\t\t\t\t\t\t<p data-start=\"1384\" data-end=\"1579\">La asociaci\u00f3n impulsa actividades educativas, encuentros, retiros, talleres y espacios de convivencia que fomentan el aprendizaje pr\u00e1ctico, el autoconocimiento y el respeto por el medio ambiente.<\/p><p data-start=\"1581\" data-end=\"1765\">Masia Cal Miquel es tambi\u00e9n un espacio de experimentaci\u00f3n: probamos, aprendemos, ajustamos y compartimos lo que funciona, siempre desde una escucha atenta a la tierra y a las personas.<\/p>\t\t\t\t\t\t\t\t<\/div>\n\t\t\t\t<\/div>\n\t\t<div class=\"elementor-element elementor-element-2cbc2af e-con-full e-flex e-con e-child\" data-id=\"2cbc2af\" data-element_type=\"container\">\n\t\t\t\t<div class=\"elementor-element elementor-element-3275f58 elementor-widget elementor-widget-image\" data-id=\"3275f58\" data-element_type=\"widget\" data-widget_type=\"image.default\">\n\t\t\t\t\t\t\t\t\t\t\t\t\t\t\t<img decoding=\"async\" width=\"800\" height=\"450\" src=\"https:\/\/masiacalmiquel.com\/wp-content\/uploads\/2025\/12\/20250621_190807-1-1024x576.jpg\" class=\"attachment-large size-large wp-image-1122\" alt=\"\" srcset=\"https:\/\/masiacalmiquel.com\/wp-content\/uploads\/2025\/12\/20250621_190807-1-1024x576.jpg 1024w, https:\/\/masiacalmiquel.com\/wp-content\/uploads\/2025\/12\/20250621_190807-1-300x169.jpg 300w, https:\/\/masiacalmiquel.com\/wp-content\/uploads\/2025\/12\/20250621_190807-1-768x432.jpg 768w, https:\/\/masiacalmiquel.com\/wp-content\/uploads\/2025\/12\/20250621_190807-1-1536x864.jpg 1536w, https:\/\/masiacalmiquel.com\/wp-content\/uploads\/2025\/12\/20250621_190807-1-2048x1153.jpg 2048w\" sizes=\"(max-width: 800px) 100vw, 800px\" \/>\t\t\t\t\t\t\t\t\t\t\t\t\t\t\t<\/div>\n\t\t\t\t<\/div>\n\t\t\t\t\t<\/div>\n\t\t\t\t<\/div>\n\t\t<div class=\"elementor-element elementor-element-2c6e652 e-flex e-con-boxed e-con e-parent\" data-id=\"2c6e652\" data-element_type=\"container\">\n\t\t\t\t\t<div class=\"e-con-inner\">\n\t\t\t\t<div class=\"elementor-element elementor-element-c0b096a elementor-widget elementor-widget-heading\" data-id=\"c0b096a\" data-element_type=\"widget\" data-widget_type=\"heading.default\">\n\t\t\t\t\t<h2 class=\"elementor-heading-title elementor-size-default\">El voluntariado: una forma de participar<\/h2>\t\t\t\t<\/div>\n\t\t\t\t\t<\/div>\n\t\t\t\t<\/div>\n\t\t<div class=\"elementor-element elementor-element-6a01ee2 e-flex e-con-boxed e-con e-parent\" data-id=\"6a01ee2\" data-element_type=\"container\">\n\t\t\t\t\t<div class=\"e-con-inner\">\n\t\t<div class=\"elementor-element elementor-element-8992f94 e-con-full e-flex e-con e-child\" data-id=\"8992f94\" data-element_type=\"container\">\n\t\t\t\t<div class=\"elementor-element elementor-element-fbdad1e elementor-widget elementor-widget-image\" data-id=\"fbdad1e\" data-element_type=\"widget\" data-widget_type=\"image.default\">\n\t\t\t\t\t\t\t\t\t\t\t\t\t\t\t<img loading=\"lazy\" decoding=\"async\" width=\"800\" height=\"534\" src=\"https:\/\/masiacalmiquel.com\/wp-content\/uploads\/2025\/12\/gallinas-voluntaria-1024x683.png\" class=\"attachment-large size-large wp-image-1120\" alt=\"\" srcset=\"https:\/\/masiacalmiquel.com\/wp-content\/uploads\/2025\/12\/gallinas-voluntaria-1024x683.png 1024w, https:\/\/masiacalmiquel.com\/wp-content\/uploads\/2025\/12\/gallinas-voluntaria-300x200.png 300w, https:\/\/masiacalmiquel.com\/wp-content\/uploads\/2025\/12\/gallinas-voluntaria-768x512.png 768w, https:\/\/masiacalmiquel.com\/wp-content\/uploads\/2025\/12\/gallinas-voluntaria.png 1536w\" sizes=\"(max-width: 800px) 100vw, 800px\" \/>\t\t\t\t\t\t\t\t\t\t\t\t\t\t\t<\/div>\n\t\t\t\t<\/div>\n\t\t<div class=\"elementor-element elementor-element-fe1325a e-con-full e-flex e-con e-child\" data-id=\"fe1325a\" data-element_type=\"container\">\n\t\t\t\t<div class=\"elementor-element elementor-element-c7a1f2c elementor-widget elementor-widget-text-editor\" data-id=\"c7a1f2c\" data-element_type=\"widget\" data-widget_type=\"text-editor.default\">\n\t\t\t\t\t\t\t\t\t<p data-start=\"1817\" data-end=\"2054\">El voluntariado en Mas\u00eda Cal Miquel es una experiencia de intercambio consciente. Personas de diferentes lugares comparten durante un tiempo la vida cotidiana del proyecto, colaborando en tareas y aprendiendo desde la pr\u00e1ctica.<\/p><p data-start=\"2056\" data-end=\"2105\">La participaci\u00f3n puede incluir, seg\u00fan el momento:<\/p><ul data-start=\"2106\" data-end=\"2242\"><li data-start=\"2106\" data-end=\"2152\"><p data-start=\"2108\" data-end=\"2152\">Apoyo en la huerta y el cuidado del bosque<\/p><\/li><li data-start=\"2153\" data-end=\"2200\"><p data-start=\"2155\" data-end=\"2200\">Mantenimiento y tareas del d\u00eda a d\u00eda<\/p><\/li><li data-start=\"2201\" data-end=\"2242\"><p data-start=\"2203\" data-end=\"2242\">Acompa\u00f1amiento en la vida comunitaria<\/p><\/li><li data-start=\"2201\" data-end=\"2242\">Apoyo en bioconstrucci\u00f3n<\/li><\/ul><p data-start=\"2244\" data-end=\"2411\">\u00a0<\/p><p data-start=\"2244\" data-end=\"2411\">A cambio, ofrecemos alojamiento, comidas, aprendizaje, acompa\u00f1amiento y la oportunidad de vivir de cerca un proyecto real en contacto con la naturaleza y los animales.<\/p><p data-start=\"2413\" data-end=\"2492\">Cada experiencia se adapta al momento del proyecto y a las personas que llegan.<\/p>\t\t\t\t\t\t\t\t<\/div>\n\t\t\t\t<\/div>\n\t\t\t\t\t<\/div>\n\t\t\t\t<\/div>\n\t\t<div class=\"elementor-element elementor-element-37e1119 e-flex e-con-boxed e-con e-parent\" data-id=\"37e1119\" data-element_type=\"container\">\n\t\t\t\t\t<div class=\"e-con-inner\">\n\t\t\t\t<div class=\"elementor-element elementor-element-f65de43 elementor-widget-divider--view-line elementor-widget elementor-widget-divider\" data-id=\"f65de43\" data-element_type=\"widget\" data-widget_type=\"divider.default\">\n\t\t\t\t\t\t\t<div class=\"elementor-divider\">\n\t\t\t<span class=\"elementor-divider-separator\">\n\t\t\t\t\t\t<\/span>\n\t\t<\/div>\n\t\t\t\t\t\t<\/div>\n\t\t\t\t\t<\/div>\n\t\t\t\t<\/div>\n\t\t<div class=\"elementor-element elementor-element-2cc3126 e-flex e-con-boxed e-con e-parent\" data-id=\"2cc3126\" data-element_type=\"container\" data-settings=\"{&quot;background_background&quot;:&quot;classic&quot;}\">\n\t\t\t\t\t<div class=\"e-con-inner\">\n\t\t\t\t<div class=\"elementor-element elementor-element-d62fc79 elementor-widget elementor-widget-heading\" data-id=\"d62fc79\" data-element_type=\"widget\" data-widget_type=\"heading.default\">\n\t\t\t\t\t<h2 class=\"elementor-heading-title elementor-size-default\">Rellena el formulario para hacerte soci@<\/h2>\t\t\t\t<\/div>\n\t\t\t\t<div class=\"elementor-element elementor-element-93dfbea elementor-align-center elementor-widget elementor-widget-button\" data-id=\"93dfbea\" data-element_type=\"widget\" data-widget_type=\"button.default\">\n\t\t\t\t\t\t\t\t\t\t<a class=\"elementor-button elementor-button-link elementor-size-sm\" href=\"https:\/\/forms.gle\/hZDq7faanKeWKoiA9\">\n\t\t\t\t\t\t<span class=\"elementor-button-content-wrapper\">\n\t\t\t\t\t\t\t\t\t<span class=\"elementor-button-text\">Formulario de inscripci\u00f3n<\/span>\n\t\t\t\t\t<\/span>\n\t\t\t\t\t<\/a>\n\t\t\t\t\t\t\t\t<\/div>\n\t\t\t\t\t<\/div>\n\t\t\t\t<\/div>\n\t\t\t\t<\/div>","protected":false},"excerpt":{"rendered":"<p>La Asociaci\u00f3n Masia Cal Miquel Permacultura La Asociaci\u00f3n Masia Cal Miquel Permacultura nace para cuidar la tierra, a las personas y a los procesos que hacen posible una vida m\u00e1s consciente, sencilla y enraizada. Este lugar no es solo una mas\u00eda ni un alojamiento rural. Es un proyecto vivo que se construye d\u00eda a d\u00eda [&hellip;]<\/p>","protected":false},"author":1,"featured_media":0,"parent":0,"menu_order":0,"comment_status":"closed","ping_status":"closed","template":"","meta":{"_acf_changed":false,"footnotes":""},"class_list":["post-397","page","type-page","status-publish","hentry"],"acf":[],"_hostinger_reach_plugin_has_subscription_block":false,"_hostinger_reach_plugin_is_elementor":false,"_links":{"self":[{"href":"https:\/\/masiacalmiquel.com\/en\/wp-json\/wp\/v2\/pages\/397","targetHints":{"allow":["GET"]}}],"collection":[{"href":"https:\/\/masiacalmiquel.com\/en\/wp-json\/wp\/v2\/pages"}],"about":[{"href":"https:\/\/masiacalmiquel.com\/en\/wp-json\/wp\/v2\/types\/page"}],"author":[{"embeddable":true,"href":"https:\/\/masiacalmiquel.com\/en\/wp-json\/wp\/v2\/users\/1"}],"replies":[{"embeddable":true,"href":"https:\/\/masiacalmiquel.com\/en\/wp-json\/wp\/v2\/comments?post=397"}],"version-history":[{"count":22,"href":"https:\/\/masiacalmiquel.com\/en\/wp-json\/wp\/v2\/pages\/397\/revisions"}],"predecessor-version":[{"id":1428,"href":"https:\/\/masiacalmiquel.com\/en\/wp-json\/wp\/v2\/pages\/397\/revisions\/1428"}],"wp:attachment":[{"href":"https:\/\/masiacalmiquel.com\/en\/wp-json\/wp\/v2\/media?parent=397"}],"curies":[{"name":"wp","href":"https:\/\/api.w.org\/{rel}","templated":true}]}}